{"id":143,"date":"2026-02-13T21:25:38","date_gmt":"2026-02-14T00:25:38","guid":{"rendered":"https:\/\/inalcotiendaonline.insertcode.cl\/?post_type=product&#038;p=143"},"modified":"2026-02-13T21:28:00","modified_gmt":"2026-02-14T00:28:00","slug":"elemento-filtro-sedimento","status":"publish","type":"product","link":"https:\/\/repuestoschevrolet.insertcode.cl\/index.php\/producto\/elemento-filtro-sedimento\/","title":{"rendered":"Elemento Filtro Sedimento"},"content":{"rendered":"<p><strong data-start=\"158\" data-end=\"190\">filtro de sedimento<\/strong> es un componente filtrante dise\u00f1ado principalmente para <strong data-start=\"247\" data-end=\"303\">eliminar part\u00edculas s\u00f3lidas suspendidas en un fluido<\/strong>, normalmente <strong data-start=\"317\" data-end=\"325\">agua<\/strong>. Act\u00faa de forma f\u00edsica (no qu\u00edmica), atrapando y reteniendo sedimentos como <strong data-start=\"402\" data-end=\"474\">arena, lodo, \u00f3xido, polvo y otras impurezas visibles o microsc\u00f3picas<\/strong> a medida que el agua pasa a trav\u00e9s de \u00e9l.<\/p>\n","protected":false},"excerpt":{"rendered":"<p>Elemento Filtro Sedimento<\/p>\n","protected":false},"featured_media":144,"comment_status":"open","ping_status":"closed","template":"","meta":[],"product_brand":[],"product_cat":[19],"product_tag":[20],"class_list":{"0":"post-143","1":"product","2":"type-product","3":"status-publish","4":"has-post-thumbnail","6":"product_cat-repuestos","7":"product_tag-filtros","9":"first","10":"instock","11":"sale","12":"shipping-taxable","13":"purchasable","14":"product-type-simple"},"_links":{"self":[{"href":"https:\/\/repuestoschevrolet.insertcode.cl\/index.php\/wp-json\/wp\/v2\/product\/143","targetHints":{"allow":["GET"]}}],"collection":[{"href":"https:\/\/repuestoschevrolet.insertcode.cl\/index.php\/wp-json\/wp\/v2\/product"}],"about":[{"href":"https:\/\/repuestoschevrolet.insertcode.cl\/index.php\/wp-json\/wp\/v2\/types\/product"}],"replies":[{"embeddable":true,"href":"https:\/\/repuestoschevrolet.insertcode.cl\/index.php\/wp-json\/wp\/v2\/comments?post=143"}],"wp:featuredmedia":[{"embeddable":true,"href":"https:\/\/repuestoschevrolet.insertcode.cl\/index.php\/wp-json\/wp\/v2\/media\/144"}],"wp:attachment":[{"href":"https:\/\/repuestoschevrolet.insertcode.cl\/index.php\/wp-json\/wp\/v2\/media?parent=143"}],"wp:term":[{"taxonomy":"product_brand","embeddable":true,"href":"https:\/\/repuestoschevrolet.insertcode.cl\/index.php\/wp-json\/wp\/v2\/product_brand?post=143"},{"taxonomy":"product_cat","embeddable":true,"href":"https:\/\/repuestoschevrolet.insertcode.cl\/index.php\/wp-json\/wp\/v2\/product_cat?post=143"},{"taxonomy":"product_tag","embeddable":true,"href":"https:\/\/repuestoschevrolet.insertcode.cl\/index.php\/wp-json\/wp\/v2\/product_tag?post=143"}],"curies":[{"name":"wp","href":"https:\/\/api.w.org\/{rel}","templated":true}]}}