{"id":182,"date":"2026-02-13T22:56:49","date_gmt":"2026-02-14T01:56:49","guid":{"rendered":"https:\/\/inalcotiendaonline.insertcode.cl\/?post_type=product&#038;p=182"},"modified":"2026-02-13T22:59:21","modified_gmt":"2026-02-14T01:59:21","slug":"elemento-filtro-de-aire","status":"publish","type":"product","link":"https:\/\/repuestoschevrolet.insertcode.cl\/index.php\/producto\/elemento-filtro-de-aire\/","title":{"rendered":"Elemento Filtro de Aire"},"content":{"rendered":"<p>Es un <strong data-start=\"230\" data-end=\"274\">elemento filtrante de aire para el motor<\/strong>, cuya funci\u00f3n principal es <strong data-start=\"302\" data-end=\"379\">limpiar el aire que entra al sistema de admisi\u00f3n antes de llegar al motor<\/strong>. Esto evita que polvo, arena, holl\u00edn y otras part\u00edculas da\u00f1inas ingresen al motor y afecten su rendimiento o causen desgaste prematuro.<\/p>\n","protected":false},"excerpt":{"rendered":"<p>Elemento Filtro de Aire<\/p>\n","protected":false},"featured_media":183,"comment_status":"open","ping_status":"closed","template":"","meta":[],"product_brand":[],"product_cat":[19],"product_tag":[20],"class_list":{"0":"post-182","1":"product","2":"type-product","3":"status-publish","4":"has-post-thumbnail","6":"product_cat-repuestos","7":"product_tag-filtros","9":"first","10":"instock","11":"sale","12":"shipping-taxable","13":"purchasable","14":"product-type-simple"},"_links":{"self":[{"href":"https:\/\/repuestoschevrolet.insertcode.cl\/index.php\/wp-json\/wp\/v2\/product\/182","targetHints":{"allow":["GET"]}}],"collection":[{"href":"https:\/\/repuestoschevrolet.insertcode.cl\/index.php\/wp-json\/wp\/v2\/product"}],"about":[{"href":"https:\/\/repuestoschevrolet.insertcode.cl\/index.php\/wp-json\/wp\/v2\/types\/product"}],"replies":[{"embeddable":true,"href":"https:\/\/repuestoschevrolet.insertcode.cl\/index.php\/wp-json\/wp\/v2\/comments?post=182"}],"wp:featuredmedia":[{"embeddable":true,"href":"https:\/\/repuestoschevrolet.insertcode.cl\/index.php\/wp-json\/wp\/v2\/media\/183"}],"wp:attachment":[{"href":"https:\/\/repuestoschevrolet.insertcode.cl\/index.php\/wp-json\/wp\/v2\/media?parent=182"}],"wp:term":[{"taxonomy":"product_brand","embeddable":true,"href":"https:\/\/repuestoschevrolet.insertcode.cl\/index.php\/wp-json\/wp\/v2\/product_brand?post=182"},{"taxonomy":"product_cat","embeddable":true,"href":"https:\/\/repuestoschevrolet.insertcode.cl\/index.php\/wp-json\/wp\/v2\/product_cat?post=182"},{"taxonomy":"product_tag","embeddable":true,"href":"https:\/\/repuestoschevrolet.insertcode.cl\/index.php\/wp-json\/wp\/v2\/product_tag?post=182"}],"curies":[{"name":"wp","href":"https:\/\/api.w.org\/{rel}","templated":true}]}}