{"id":209,"date":"2026-02-14T00:13:15","date_gmt":"2026-02-14T03:13:15","guid":{"rendered":"https:\/\/inalcotiendaonline.insertcode.cl\/?post_type=product&#038;p=209"},"modified":"2026-02-14T00:15:36","modified_gmt":"2026-02-14T03:15:36","slug":"filtro-aire-acdelco-general-motors","status":"publish","type":"product","link":"https:\/\/repuestoschevrolet.insertcode.cl\/index.php\/producto\/filtro-aire-acdelco-general-motors\/","title":{"rendered":"Filtro Aire Acdelco General Motors"},"content":{"rendered":"<p>El <strong data-start=\"189\" data-end=\"215\">Filtro de Aire ACDelco<\/strong> est\u00e1 dise\u00f1ado especialmente para veh\u00edculos General Motors, garantizando una protecci\u00f3n superior del motor contra polvo, suciedad y contaminantes del ambiente. Fabricado con materiales de alta calidad, asegura un flujo \u00f3ptimo de aire limpio, mejorando la eficiencia del motor y prolongando su vida \u00fatil.<\/p>\n","protected":false},"excerpt":{"rendered":"<p>Filtro de Aire ACDelco para General Motors<\/p>\n","protected":false},"featured_media":210,"comment_status":"open","ping_status":"closed","template":"","meta":[],"product_brand":[],"product_cat":[19],"product_tag":[20],"class_list":{"0":"post-209","1":"product","2":"type-product","3":"status-publish","4":"has-post-thumbnail","6":"product_cat-repuestos","7":"product_tag-filtros","9":"first","10":"instock","11":"sale","12":"shipping-taxable","13":"purchasable","14":"product-type-simple"},"_links":{"self":[{"href":"https:\/\/repuestoschevrolet.insertcode.cl\/index.php\/wp-json\/wp\/v2\/product\/209","targetHints":{"allow":["GET"]}}],"collection":[{"href":"https:\/\/repuestoschevrolet.insertcode.cl\/index.php\/wp-json\/wp\/v2\/product"}],"about":[{"href":"https:\/\/repuestoschevrolet.insertcode.cl\/index.php\/wp-json\/wp\/v2\/types\/product"}],"replies":[{"embeddable":true,"href":"https:\/\/repuestoschevrolet.insertcode.cl\/index.php\/wp-json\/wp\/v2\/comments?post=209"}],"wp:featuredmedia":[{"embeddable":true,"href":"https:\/\/repuestoschevrolet.insertcode.cl\/index.php\/wp-json\/wp\/v2\/media\/210"}],"wp:attachment":[{"href":"https:\/\/repuestoschevrolet.insertcode.cl\/index.php\/wp-json\/wp\/v2\/media?parent=209"}],"wp:term":[{"taxonomy":"product_brand","embeddable":true,"href":"https:\/\/repuestoschevrolet.insertcode.cl\/index.php\/wp-json\/wp\/v2\/product_brand?post=209"},{"taxonomy":"product_cat","embeddable":true,"href":"https:\/\/repuestoschevrolet.insertcode.cl\/index.php\/wp-json\/wp\/v2\/product_cat?post=209"},{"taxonomy":"product_tag","embeddable":true,"href":"https:\/\/repuestoschevrolet.insertcode.cl\/index.php\/wp-json\/wp\/v2\/product_tag?post=209"}],"curies":[{"name":"wp","href":"https:\/\/api.w.org\/{rel}","templated":true}]}}