{"id":216,"date":"2026-02-14T00:34:10","date_gmt":"2026-02-14T03:34:10","guid":{"rendered":"https:\/\/inalcotiendaonline.insertcode.cl\/?post_type=product&#038;p=216"},"modified":"2026-02-14T00:35:27","modified_gmt":"2026-02-14T03:35:27","slug":"filtro-cabina-polen-largo-acdelco-para-general-motors","status":"publish","type":"product","link":"https:\/\/repuestoschevrolet.insertcode.cl\/index.php\/producto\/filtro-cabina-polen-largo-acdelco-para-general-motors\/","title":{"rendered":"Filtro Cabina Polen Largo ACDelco para General Motors"},"content":{"rendered":"<p>El <strong data-start=\"211\" data-end=\"248\">Filtro Cabina Polen Largo ACDelco<\/strong> est\u00e1 dise\u00f1ado especialmente para veh\u00edculos General Motors, ofreciendo una filtraci\u00f3n eficaz de polvo, polen y otras part\u00edculas contaminantes del aire que ingresan al habit\u00e1culo. Gracias a su dise\u00f1o alargado y materiales de alta calidad, garantiza un aire m\u00e1s limpio y fresco para todos los ocupantes, protegiendo el sistema de aire acondicionado y mejorando la experiencia de manejo<\/p>\n","protected":false},"excerpt":{"rendered":"<p>Filtro Cabina Polen Largo ACDelco para General Motors<\/p>\n","protected":false},"featured_media":217,"comment_status":"open","ping_status":"closed","template":"","meta":[],"product_brand":[],"product_cat":[19],"product_tag":[20],"class_list":{"0":"post-216","1":"product","2":"type-product","3":"status-publish","4":"has-post-thumbnail","6":"product_cat-repuestos","7":"product_tag-filtros","9":"first","10":"instock","11":"sale","12":"shipping-taxable","13":"purchasable","14":"product-type-simple"},"_links":{"self":[{"href":"https:\/\/repuestoschevrolet.insertcode.cl\/index.php\/wp-json\/wp\/v2\/product\/216","targetHints":{"allow":["GET"]}}],"collection":[{"href":"https:\/\/repuestoschevrolet.insertcode.cl\/index.php\/wp-json\/wp\/v2\/product"}],"about":[{"href":"https:\/\/repuestoschevrolet.insertcode.cl\/index.php\/wp-json\/wp\/v2\/types\/product"}],"replies":[{"embeddable":true,"href":"https:\/\/repuestoschevrolet.insertcode.cl\/index.php\/wp-json\/wp\/v2\/comments?post=216"}],"wp:featuredmedia":[{"embeddable":true,"href":"https:\/\/repuestoschevrolet.insertcode.cl\/index.php\/wp-json\/wp\/v2\/media\/217"}],"wp:attachment":[{"href":"https:\/\/repuestoschevrolet.insertcode.cl\/index.php\/wp-json\/wp\/v2\/media?parent=216"}],"wp:term":[{"taxonomy":"product_brand","embeddable":true,"href":"https:\/\/repuestoschevrolet.insertcode.cl\/index.php\/wp-json\/wp\/v2\/product_brand?post=216"},{"taxonomy":"product_cat","embeddable":true,"href":"https:\/\/repuestoschevrolet.insertcode.cl\/index.php\/wp-json\/wp\/v2\/product_cat?post=216"},{"taxonomy":"product_tag","embeddable":true,"href":"https:\/\/repuestoschevrolet.insertcode.cl\/index.php\/wp-json\/wp\/v2\/product_tag?post=216"}],"curies":[{"name":"wp","href":"https:\/\/api.w.org\/{rel}","templated":true}]}}