{"id":87,"date":"2026-02-13T19:38:23","date_gmt":"2026-02-13T22:38:23","guid":{"rendered":"https:\/\/inalcotiendaonline.insertcode.cl\/?post_type=product&#038;p=87"},"modified":"2026-02-13T19:41:17","modified_gmt":"2026-02-13T22:41:17","slug":"filtro-cabina-polen-largo-acdelco","status":"publish","type":"product","link":"https:\/\/repuestoschevrolet.insertcode.cl\/index.php\/producto\/filtro-cabina-polen-largo-acdelco\/","title":{"rendered":"Filtro Cabina Polen Largo Acdelco"},"content":{"rendered":"<p>Un <strong data-start=\"205\" data-end=\"282\">filtro de cabina (tambi\u00e9n llamado filtro de polen o filtro de habit\u00e1culo)<\/strong> es un componente del sistema de ventilaci\u00f3n de tu autom\u00f3vil dise\u00f1ado para <strong data-start=\"357\" data-end=\"429\">limpiar el aire que entra al interior de la cabina desde el exterior<\/strong>. Su funci\u00f3n principal es <strong data-start=\"455\" data-end=\"535\">retener polvo, polen, suciedad, holl\u00edn y otras part\u00edculas del aire ambiental<\/strong>, evitando que esos contaminantes lleguen a los ocupantes del veh\u00edculo cuando usas el sistema de<\/p>\n","protected":false},"excerpt":{"rendered":"<p>Filtro Cabina Polen Largo Acdelco<\/p>\n","protected":false},"featured_media":88,"comment_status":"open","ping_status":"closed","template":"","meta":[],"product_brand":[],"product_cat":[19],"product_tag":[20],"class_list":{"0":"post-87","1":"product","2":"type-product","3":"status-publish","4":"has-post-thumbnail","6":"product_cat-repuestos","7":"product_tag-filtros","9":"first","10":"instock","11":"sale","12":"shipping-taxable","13":"purchasable","14":"product-type-simple"},"_links":{"self":[{"href":"https:\/\/repuestoschevrolet.insertcode.cl\/index.php\/wp-json\/wp\/v2\/product\/87","targetHints":{"allow":["GET"]}}],"collection":[{"href":"https:\/\/repuestoschevrolet.insertcode.cl\/index.php\/wp-json\/wp\/v2\/product"}],"about":[{"href":"https:\/\/repuestoschevrolet.insertcode.cl\/index.php\/wp-json\/wp\/v2\/types\/product"}],"replies":[{"embeddable":true,"href":"https:\/\/repuestoschevrolet.insertcode.cl\/index.php\/wp-json\/wp\/v2\/comments?post=87"}],"wp:featuredmedia":[{"embeddable":true,"href":"https:\/\/repuestoschevrolet.insertcode.cl\/index.php\/wp-json\/wp\/v2\/media\/88"}],"wp:attachment":[{"href":"https:\/\/repuestoschevrolet.insertcode.cl\/index.php\/wp-json\/wp\/v2\/media?parent=87"}],"wp:term":[{"taxonomy":"product_brand","embeddable":true,"href":"https:\/\/repuestoschevrolet.insertcode.cl\/index.php\/wp-json\/wp\/v2\/product_brand?post=87"},{"taxonomy":"product_cat","embeddable":true,"href":"https:\/\/repuestoschevrolet.insertcode.cl\/index.php\/wp-json\/wp\/v2\/product_cat?post=87"},{"taxonomy":"product_tag","embeddable":true,"href":"https:\/\/repuestoschevrolet.insertcode.cl\/index.php\/wp-json\/wp\/v2\/product_tag?post=87"}],"curies":[{"name":"wp","href":"https:\/\/api.w.org\/{rel}","templated":true}]}}